{"id":82,"date":"2025-12-30T15:05:12","date_gmt":"2025-12-30T15:05:12","guid":{"rendered":"https:\/\/ofsjt.pl\/?page_id=82"},"modified":"2026-01-06T19:22:25","modified_gmt":"2026-01-06T19:22:25","slug":"strona-glowna","status":"publish","type":"page","link":"https:\/\/ofsjt.pl\/","title":{"rendered":"Strona g\u0142\u00f3wna"},"content":{"rendered":"","protected":false},"excerpt":{"rendered":"","protected":false},"author":1,"featured_media":752,"parent":0,"menu_order":0,"comment_status":"closed","ping_status":"closed","template":"","meta":{"footnotes":""},"class_list":["post-82","page","type-page","status-publish","has-post-thumbnail","hentry"],"yoast_head":"<!-- This site is optimized with the Yoast SEO plugin v26.6 - https:\/\/yoast.com\/wordpress\/plugins\/seo\/ -->\n<title>Strona g\u0142\u00f3wna - OFSJT<\/title>\n<meta name=\"description\" content=\"Informacje ze \u015bwiata Skok\u00f3w narciarskich, wywiady, podsumowania, kalendarze i wiele innych!\" \/>\n<meta name=\"robots\" content=\"index, follow, max-snippet:-1, max-image-preview:large, max-video-preview:-1\" \/>\n<link rel=\"canonical\" href=\"https:\/\/ofsjt.pl\/\" \/>\n<meta property=\"og:locale\" content=\"pl_PL\" \/>\n<meta property=\"og:type\" content=\"article\" \/>\n<meta property=\"og:title\" content=\"Informacje ze \u015bwiata Skok\u00f3w narciarskich, wywiady, podsumowania, kalendarze i wiele innych!\" \/>\n<meta property=\"og:description\" content=\"Informacje ze \u015bwiata Skok\u00f3w narciarskich, wywiady, podsumowania, kalendarze i wiele innych!\" \/>\n<meta property=\"og:url\" content=\"https:\/\/ofsjt.pl\/\" \/>\n<meta property=\"og:site_name\" content=\"OFSJT\" \/>\n<meta property=\"article:publisher\" content=\"https:\/\/www.facebook.com\/FineSkiJumping\" \/>\n<meta property=\"article:modified_time\" content=\"2026-01-06T19:22:25+00:00\" \/>\n<meta property=\"og:image\" content=\"https:\/\/ofsjt.pl\/wp-content\/uploads\/2026\/01\/image-2.png\" \/>\n\t<meta property=\"og:image:width\" content=\"1280\" \/>\n\t<meta property=\"og:image:height\" content=\"800\" \/>\n\t<meta property=\"og:image:type\" content=\"image\/png\" \/>\n<meta name=\"twitter:card\" content=\"summary_large_image\" \/>\n<meta name=\"twitter:label1\" content=\"Szacowany czas czytania\" \/>\n\t<meta name=\"twitter:data1\" content=\"1 minuta\" \/>\n<script type=\"application\/ld+json\" class=\"yoast-schema-graph\">{\"@context\":\"https:\/\/schema.org\",\"@graph\":[{\"@type\":\"WebPage\",\"@id\":\"https:\/\/ofsjt.pl\/\",\"url\":\"https:\/\/ofsjt.pl\/\",\"name\":\"Strona g\u0142\u00f3wna - OFSJT\",\"isPartOf\":{\"@id\":\"https:\/\/ofsjt.pl\/#website\"},\"primaryImageOfPage\":{\"@id\":\"https:\/\/ofsjt.pl\/#primaryimage\"},\"image\":{\"@id\":\"https:\/\/ofsjt.pl\/#primaryimage\"},\"thumbnailUrl\":\"https:\/\/ofsjt.pl\/wp-content\/uploads\/2026\/01\/image-2.png\",\"datePublished\":\"2025-12-30T15:05:12+00:00\",\"dateModified\":\"2026-01-06T19:22:25+00:00\",\"description\":\"Informacje ze \u015bwiata Skok\u00f3w narciarskich, wywiady, podsumowania, kalendarze i wiele innych!\",\"breadcrumb\":{\"@id\":\"https:\/\/ofsjt.pl\/#breadcrumb\"},\"inLanguage\":\"pl-PL\",\"potentialAction\":[{\"@type\":\"ReadAction\",\"target\":[\"https:\/\/ofsjt.pl\/\"]}]},{\"@type\":\"ImageObject\",\"inLanguage\":\"pl-PL\",\"@id\":\"https:\/\/ofsjt.pl\/#primaryimage\",\"url\":\"https:\/\/ofsjt.pl\/wp-content\/uploads\/2026\/01\/image-2.png\",\"contentUrl\":\"https:\/\/ofsjt.pl\/wp-content\/uploads\/2026\/01\/image-2.png\",\"width\":1280,\"height\":800},{\"@type\":\"BreadcrumbList\",\"@id\":\"https:\/\/ofsjt.pl\/#breadcrumb\",\"itemListElement\":[{\"@type\":\"ListItem\",\"position\":1,\"name\":\"Strona g\u0142\u00f3wna\",\"item\":\"https:\/\/ofsjt.pl\/\"},{\"@type\":\"ListItem\",\"position\":2,\"name\":\"Strona g\u0142\u00f3wna\"}]},{\"@type\":\"WebSite\",\"@id\":\"https:\/\/ofsjt.pl\/#website\",\"url\":\"https:\/\/ofsjt.pl\/\",\"name\":\"OFSJT\",\"description\":\"Oficjalna strona OFSJT - Skoki narciarskie - Nowo\u015bci, wywiady i wiele innych!\",\"publisher\":{\"@id\":\"https:\/\/ofsjt.pl\/#organization\"},\"alternateName\":\"Official Fine Ski Jumping Tournaments\",\"potentialAction\":[{\"@type\":\"SearchAction\",\"target\":{\"@type\":\"EntryPoint\",\"urlTemplate\":\"https:\/\/ofsjt.pl\/?s={search_term_string}\"},\"query-input\":{\"@type\":\"PropertyValueSpecification\",\"valueRequired\":true,\"valueName\":\"search_term_string\"}}],\"inLanguage\":\"pl-PL\"},{\"@type\":\"Organization\",\"@id\":\"https:\/\/ofsjt.pl\/#organization\",\"name\":\"OFSJT.pl\",\"url\":\"https:\/\/ofsjt.pl\/\",\"logo\":{\"@type\":\"ImageObject\",\"inLanguage\":\"pl-PL\",\"@id\":\"https:\/\/ofsjt.pl\/#\/schema\/logo\/image\/\",\"url\":\"https:\/\/ofsjt.pl\/wp-content\/uploads\/2025\/12\/cropped-OFSJT_FullLogo.png\",\"contentUrl\":\"https:\/\/ofsjt.pl\/wp-content\/uploads\/2025\/12\/cropped-OFSJT_FullLogo.png\",\"width\":512,\"height\":512,\"caption\":\"OFSJT.pl\"},\"image\":{\"@id\":\"https:\/\/ofsjt.pl\/#\/schema\/logo\/image\/\"},\"sameAs\":[\"https:\/\/www.facebook.com\/FineSkiJumping\"]}]}<\/script>\n<!-- \/ Yoast SEO plugin. -->","yoast_head_json":{"title":"Strona g\u0142\u00f3wna - OFSJT","description":"Informacje ze \u015bwiata Skok\u00f3w narciarskich, wywiady, podsumowania, kalendarze i wiele innych!","robots":{"index":"index","follow":"follow","max-snippet":"max-snippet:-1","max-image-preview":"max-image-preview:large","max-video-preview":"max-video-preview:-1"},"canonical":"https:\/\/ofsjt.pl\/","og_locale":"pl_PL","og_type":"article","og_title":"Informacje ze \u015bwiata Skok\u00f3w narciarskich, wywiady, podsumowania, kalendarze i wiele innych!","og_description":"Informacje ze \u015bwiata Skok\u00f3w narciarskich, wywiady, podsumowania, kalendarze i wiele innych!","og_url":"https:\/\/ofsjt.pl\/","og_site_name":"OFSJT","article_publisher":"https:\/\/www.facebook.com\/FineSkiJumping","article_modified_time":"2026-01-06T19:22:25+00:00","og_image":[{"width":1280,"height":800,"url":"https:\/\/ofsjt.pl\/wp-content\/uploads\/2026\/01\/image-2.png","type":"image\/png"}],"twitter_card":"summary_large_image","twitter_misc":{"Szacowany czas czytania":"1 minuta"},"schema":{"@context":"https:\/\/schema.org","@graph":[{"@type":"WebPage","@id":"https:\/\/ofsjt.pl\/","url":"https:\/\/ofsjt.pl\/","name":"Strona g\u0142\u00f3wna - OFSJT","isPartOf":{"@id":"https:\/\/ofsjt.pl\/#website"},"primaryImageOfPage":{"@id":"https:\/\/ofsjt.pl\/#primaryimage"},"image":{"@id":"https:\/\/ofsjt.pl\/#primaryimage"},"thumbnailUrl":"https:\/\/ofsjt.pl\/wp-content\/uploads\/2026\/01\/image-2.png","datePublished":"2025-12-30T15:05:12+00:00","dateModified":"2026-01-06T19:22:25+00:00","description":"Informacje ze \u015bwiata Skok\u00f3w narciarskich, wywiady, podsumowania, kalendarze i wiele innych!","breadcrumb":{"@id":"https:\/\/ofsjt.pl\/#breadcrumb"},"inLanguage":"pl-PL","potentialAction":[{"@type":"ReadAction","target":["https:\/\/ofsjt.pl\/"]}]},{"@type":"ImageObject","inLanguage":"pl-PL","@id":"https:\/\/ofsjt.pl\/#primaryimage","url":"https:\/\/ofsjt.pl\/wp-content\/uploads\/2026\/01\/image-2.png","contentUrl":"https:\/\/ofsjt.pl\/wp-content\/uploads\/2026\/01\/image-2.png","width":1280,"height":800},{"@type":"BreadcrumbList","@id":"https:\/\/ofsjt.pl\/#breadcrumb","itemListElement":[{"@type":"ListItem","position":1,"name":"Strona g\u0142\u00f3wna","item":"https:\/\/ofsjt.pl\/"},{"@type":"ListItem","position":2,"name":"Strona g\u0142\u00f3wna"}]},{"@type":"WebSite","@id":"https:\/\/ofsjt.pl\/#website","url":"https:\/\/ofsjt.pl\/","name":"OFSJT","description":"Oficjalna strona OFSJT - Skoki narciarskie - Nowo\u015bci, wywiady i wiele innych!","publisher":{"@id":"https:\/\/ofsjt.pl\/#organization"},"alternateName":"Official Fine Ski Jumping Tournaments","potentialAction":[{"@type":"SearchAction","target":{"@type":"EntryPoint","urlTemplate":"https:\/\/ofsjt.pl\/?s={search_term_string}"},"query-input":{"@type":"PropertyValueSpecification","valueRequired":true,"valueName":"search_term_string"}}],"inLanguage":"pl-PL"},{"@type":"Organization","@id":"https:\/\/ofsjt.pl\/#organization","name":"OFSJT.pl","url":"https:\/\/ofsjt.pl\/","logo":{"@type":"ImageObject","inLanguage":"pl-PL","@id":"https:\/\/ofsjt.pl\/#\/schema\/logo\/image\/","url":"https:\/\/ofsjt.pl\/wp-content\/uploads\/2025\/12\/cropped-OFSJT_FullLogo.png","contentUrl":"https:\/\/ofsjt.pl\/wp-content\/uploads\/2025\/12\/cropped-OFSJT_FullLogo.png","width":512,"height":512,"caption":"OFSJT.pl"},"image":{"@id":"https:\/\/ofsjt.pl\/#\/schema\/logo\/image\/"},"sameAs":["https:\/\/www.facebook.com\/FineSkiJumping"]}]}},"jetpack_sharing_enabled":true,"_links":{"self":[{"href":"https:\/\/ofsjt.pl\/index.php\/wp-json\/wp\/v2\/pages\/82","targetHints":{"allow":["GET"]}}],"collection":[{"href":"https:\/\/ofsjt.pl\/index.php\/wp-json\/wp\/v2\/pages"}],"about":[{"href":"https:\/\/ofsjt.pl\/index.php\/wp-json\/wp\/v2\/types\/page"}],"author":[{"embeddable":true,"href":"https:\/\/ofsjt.pl\/index.php\/wp-json\/wp\/v2\/users\/1"}],"replies":[{"embeddable":true,"href":"https:\/\/ofsjt.pl\/index.php\/wp-json\/wp\/v2\/comments?post=82"}],"version-history":[{"count":2,"href":"https:\/\/ofsjt.pl\/index.php\/wp-json\/wp\/v2\/pages\/82\/revisions"}],"predecessor-version":[{"id":99,"href":"https:\/\/ofsjt.pl\/index.php\/wp-json\/wp\/v2\/pages\/82\/revisions\/99"}],"wp:featuredmedia":[{"embeddable":true,"href":"https:\/\/ofsjt.pl\/index.php\/wp-json\/wp\/v2\/media\/752"}],"wp:attachment":[{"href":"https:\/\/ofsjt.pl\/index.php\/wp-json\/wp\/v2\/media?parent=82"}],"curies":[{"name":"wp","href":"https:\/\/api.w.org\/{rel}","templated":true}]}}