{"id":549,"date":"2026-01-02T19:04:09","date_gmt":"2026-01-02T19:04:09","guid":{"rendered":"https:\/\/ofsjt.pl\/?page_id=549"},"modified":"2026-01-03T19:35:01","modified_gmt":"2026-01-03T19:35:01","slug":"innsbruck-hs-128-informacje","status":"publish","type":"page","link":"https:\/\/ofsjt.pl\/index.php\/skocznie-narciarskie\/innsbruck-hs-128-informacje\/","title":{"rendered":"Innsbruck \ud83c\udde6\ud83c\uddf9 HS 128 &#8211; informacje"},"content":{"rendered":"\n<p><strong>INFORMACJE O SKOCZNI:<\/strong><\/p>\n\n\n\n<ul class=\"wp-block-list\">\n<li>Pe\u0142na nazwa: <strong>Bergisel<\/strong><\/li>\n<\/ul>\n\n\n\n<ul class=\"wp-block-list\">\n<li>Miasto: <strong>Innsbruck<\/strong><\/li>\n<\/ul>\n\n\n\n<ul class=\"wp-block-list\">\n<li>Punkt K: <strong>120 m<\/strong><\/li>\n<\/ul>\n\n\n\n<ul class=\"wp-block-list\">\n<li>Punkt HS: <strong>128 m<\/strong><\/li>\n<\/ul>\n\n\n\n<ul class=\"wp-block-list\">\n<li>Oficjalny rekord zimowy: <strong>138 m &#8211; Michael Hayboeck \ud83c\udde6\ud83c\uddf9<\/strong><\/li>\n<\/ul>\n\n\n\n<ul class=\"wp-block-list\">\n<li>Najwi\u0119cej zwyci\u0119stw: <strong>3 <br>&#8211; Andreas Goldberger \ud83c\udde6\ud83c\uddf9, <br>&#8211; Matti Nyk\u00e4nen \ud83c\uddeb\ud83c\uddee, <br>&#8211; Kazuyoshi Funaki \ud83c\uddef\ud83c\uddf5<\/strong><\/li>\n<\/ul>\n\n\n\n<p><br>\u0179r\u00f3d\u0142o: <strong>Wikipedia<\/strong><br>\u0179r\u00f3d\u0142o zdj\u0119cia: <strong>APA\/GEORG HOCHMUTH<\/strong><\/p>\n\n\n\n<p><\/p>\n","protected":false},"excerpt":{"rendered":"<p>INFORMACJE O SKOCZNI: \u0179r\u00f3d\u0142o: Wikipedia\u0179r\u00f3d\u0142o zdj\u0119cia: APA\/GEORG HOCHMUTH<\/p>\n","protected":false},"author":1,"featured_media":0,"parent":541,"menu_order":0,"comment_status":"closed","ping_status":"closed","template":"","meta":{"footnotes":""},"class_list":["post-549","page","type-page","status-publish","hentry"],"yoast_head":"<!-- This site is optimized with the Yoast SEO plugin v26.6 - https:\/\/yoast.com\/wordpress\/plugins\/seo\/ -->\n<title>Innsbruck \ud83c\udde6\ud83c\uddf9 HS 128 - informacje - OFSJT<\/title>\n<meta name=\"robots\" content=\"index, follow, max-snippet:-1, max-image-preview:large, max-video-preview:-1\" \/>\n<link rel=\"canonical\" href=\"https:\/\/ofsjt.pl\/index.php\/skocznie-narciarskie\/innsbruck-hs-128-informacje\/\" \/>\n<meta property=\"og:locale\" content=\"pl_PL\" \/>\n<meta property=\"og:type\" content=\"article\" \/>\n<meta property=\"og:title\" content=\"Skocznia narciarska Innsbruck\" \/>\n<meta property=\"og:description\" content=\"INFORMACJE O SKOCZNI: \u0179r\u00f3d\u0142o: Wikipedia\u0179r\u00f3d\u0142o zdj\u0119cia: APA\/GEORG HOCHMUTH\" \/>\n<meta property=\"og:url\" content=\"https:\/\/ofsjt.pl\/index.php\/skocznie-narciarskie\/innsbruck-hs-128-informacje\/\" \/>\n<meta property=\"og:site_name\" content=\"OFSJT\" \/>\n<meta property=\"article:publisher\" content=\"https:\/\/www.facebook.com\/FineSkiJumping\" \/>\n<meta property=\"article:modified_time\" content=\"2026-01-03T19:35:01+00:00\" \/>\n<meta name=\"twitter:card\" content=\"summary_large_image\" \/>\n<meta name=\"twitter:label1\" content=\"Szacowany czas czytania\" \/>\n\t<meta name=\"twitter:data1\" content=\"1 minuta\" \/>\n<script type=\"application\/ld+json\" class=\"yoast-schema-graph\">{\"@context\":\"https:\/\/schema.org\",\"@graph\":[{\"@type\":\"WebPage\",\"@id\":\"https:\/\/ofsjt.pl\/index.php\/skocznie-narciarskie\/innsbruck-hs-128-informacje\/\",\"url\":\"https:\/\/ofsjt.pl\/index.php\/skocznie-narciarskie\/innsbruck-hs-128-informacje\/\",\"name\":\"Innsbruck \ud83c\udde6\ud83c\uddf9 HS 128 - informacje - OFSJT\",\"isPartOf\":{\"@id\":\"https:\/\/ofsjt.pl\/#website\"},\"datePublished\":\"2026-01-02T19:04:09+00:00\",\"dateModified\":\"2026-01-03T19:35:01+00:00\",\"breadcrumb\":{\"@id\":\"https:\/\/ofsjt.pl\/index.php\/skocznie-narciarskie\/innsbruck-hs-128-informacje\/#breadcrumb\"},\"inLanguage\":\"pl-PL\",\"potentialAction\":[{\"@type\":\"ReadAction\",\"target\":[\"https:\/\/ofsjt.pl\/index.php\/skocznie-narciarskie\/innsbruck-hs-128-informacje\/\"]}]},{\"@type\":\"BreadcrumbList\",\"@id\":\"https:\/\/ofsjt.pl\/index.php\/skocznie-narciarskie\/innsbruck-hs-128-informacje\/#breadcrumb\",\"itemListElement\":[{\"@type\":\"ListItem\",\"position\":1,\"name\":\"Strona g\u0142\u00f3wna\",\"item\":\"https:\/\/ofsjt.pl\/\"},{\"@type\":\"ListItem\",\"position\":2,\"name\":\"Skocznie narciarskie\",\"item\":\"https:\/\/ofsjt.pl\/index.php\/skocznie-narciarskie\/\"},{\"@type\":\"ListItem\",\"position\":3,\"name\":\"Innsbruck \ud83c\udde6\ud83c\uddf9 HS 128 &#8211; informacje\"}]},{\"@type\":\"WebSite\",\"@id\":\"https:\/\/ofsjt.pl\/#website\",\"url\":\"https:\/\/ofsjt.pl\/\",\"name\":\"OFSJT\",\"description\":\"Oficjalna strona OFSJT - Skoki narciarskie - Nowo\u015bci, wywiady i wiele innych!\",\"publisher\":{\"@id\":\"https:\/\/ofsjt.pl\/#organization\"},\"alternateName\":\"Official Fine Ski Jumping Tournaments\",\"potentialAction\":[{\"@type\":\"SearchAction\",\"target\":{\"@type\":\"EntryPoint\",\"urlTemplate\":\"https:\/\/ofsjt.pl\/?s={search_term_string}\"},\"query-input\":{\"@type\":\"PropertyValueSpecification\",\"valueRequired\":true,\"valueName\":\"search_term_string\"}}],\"inLanguage\":\"pl-PL\"},{\"@type\":\"Organization\",\"@id\":\"https:\/\/ofsjt.pl\/#organization\",\"name\":\"OFSJT.pl\",\"url\":\"https:\/\/ofsjt.pl\/\",\"logo\":{\"@type\":\"ImageObject\",\"inLanguage\":\"pl-PL\",\"@id\":\"https:\/\/ofsjt.pl\/#\/schema\/logo\/image\/\",\"url\":\"https:\/\/ofsjt.pl\/wp-content\/uploads\/2025\/12\/cropped-OFSJT_FullLogo.png\",\"contentUrl\":\"https:\/\/ofsjt.pl\/wp-content\/uploads\/2025\/12\/cropped-OFSJT_FullLogo.png\",\"width\":512,\"height\":512,\"caption\":\"OFSJT.pl\"},\"image\":{\"@id\":\"https:\/\/ofsjt.pl\/#\/schema\/logo\/image\/\"},\"sameAs\":[\"https:\/\/www.facebook.com\/FineSkiJumping\"]}]}<\/script>\n<!-- \/ Yoast SEO plugin. -->","yoast_head_json":{"title":"Innsbruck \ud83c\udde6\ud83c\uddf9 HS 128 - informacje - OFSJT","robots":{"index":"index","follow":"follow","max-snippet":"max-snippet:-1","max-image-preview":"max-image-preview:large","max-video-preview":"max-video-preview:-1"},"canonical":"https:\/\/ofsjt.pl\/index.php\/skocznie-narciarskie\/innsbruck-hs-128-informacje\/","og_locale":"pl_PL","og_type":"article","og_title":"Skocznia narciarska Innsbruck","og_description":"INFORMACJE O SKOCZNI: \u0179r\u00f3d\u0142o: Wikipedia\u0179r\u00f3d\u0142o zdj\u0119cia: APA\/GEORG HOCHMUTH","og_url":"https:\/\/ofsjt.pl\/index.php\/skocznie-narciarskie\/innsbruck-hs-128-informacje\/","og_site_name":"OFSJT","article_publisher":"https:\/\/www.facebook.com\/FineSkiJumping","article_modified_time":"2026-01-03T19:35:01+00:00","twitter_card":"summary_large_image","twitter_misc":{"Szacowany czas czytania":"1 minuta"},"schema":{"@context":"https:\/\/schema.org","@graph":[{"@type":"WebPage","@id":"https:\/\/ofsjt.pl\/index.php\/skocznie-narciarskie\/innsbruck-hs-128-informacje\/","url":"https:\/\/ofsjt.pl\/index.php\/skocznie-narciarskie\/innsbruck-hs-128-informacje\/","name":"Innsbruck \ud83c\udde6\ud83c\uddf9 HS 128 - informacje - OFSJT","isPartOf":{"@id":"https:\/\/ofsjt.pl\/#website"},"datePublished":"2026-01-02T19:04:09+00:00","dateModified":"2026-01-03T19:35:01+00:00","breadcrumb":{"@id":"https:\/\/ofsjt.pl\/index.php\/skocznie-narciarskie\/innsbruck-hs-128-informacje\/#breadcrumb"},"inLanguage":"pl-PL","potentialAction":[{"@type":"ReadAction","target":["https:\/\/ofsjt.pl\/index.php\/skocznie-narciarskie\/innsbruck-hs-128-informacje\/"]}]},{"@type":"BreadcrumbList","@id":"https:\/\/ofsjt.pl\/index.php\/skocznie-narciarskie\/innsbruck-hs-128-informacje\/#breadcrumb","itemListElement":[{"@type":"ListItem","position":1,"name":"Strona g\u0142\u00f3wna","item":"https:\/\/ofsjt.pl\/"},{"@type":"ListItem","position":2,"name":"Skocznie narciarskie","item":"https:\/\/ofsjt.pl\/index.php\/skocznie-narciarskie\/"},{"@type":"ListItem","position":3,"name":"Innsbruck \ud83c\udde6\ud83c\uddf9 HS 128 &#8211; informacje"}]},{"@type":"WebSite","@id":"https:\/\/ofsjt.pl\/#website","url":"https:\/\/ofsjt.pl\/","name":"OFSJT","description":"Oficjalna strona OFSJT - Skoki narciarskie - Nowo\u015bci, wywiady i wiele innych!","publisher":{"@id":"https:\/\/ofsjt.pl\/#organization"},"alternateName":"Official Fine Ski Jumping Tournaments","potentialAction":[{"@type":"SearchAction","target":{"@type":"EntryPoint","urlTemplate":"https:\/\/ofsjt.pl\/?s={search_term_string}"},"query-input":{"@type":"PropertyValueSpecification","valueRequired":true,"valueName":"search_term_string"}}],"inLanguage":"pl-PL"},{"@type":"Organization","@id":"https:\/\/ofsjt.pl\/#organization","name":"OFSJT.pl","url":"https:\/\/ofsjt.pl\/","logo":{"@type":"ImageObject","inLanguage":"pl-PL","@id":"https:\/\/ofsjt.pl\/#\/schema\/logo\/image\/","url":"https:\/\/ofsjt.pl\/wp-content\/uploads\/2025\/12\/cropped-OFSJT_FullLogo.png","contentUrl":"https:\/\/ofsjt.pl\/wp-content\/uploads\/2025\/12\/cropped-OFSJT_FullLogo.png","width":512,"height":512,"caption":"OFSJT.pl"},"image":{"@id":"https:\/\/ofsjt.pl\/#\/schema\/logo\/image\/"},"sameAs":["https:\/\/www.facebook.com\/FineSkiJumping"]}]}},"jetpack_sharing_enabled":true,"_links":{"self":[{"href":"https:\/\/ofsjt.pl\/index.php\/wp-json\/wp\/v2\/pages\/549","targetHints":{"allow":["GET"]}}],"collection":[{"href":"https:\/\/ofsjt.pl\/index.php\/wp-json\/wp\/v2\/pages"}],"about":[{"href":"https:\/\/ofsjt.pl\/index.php\/wp-json\/wp\/v2\/types\/page"}],"author":[{"embeddable":true,"href":"https:\/\/ofsjt.pl\/index.php\/wp-json\/wp\/v2\/users\/1"}],"replies":[{"embeddable":true,"href":"https:\/\/ofsjt.pl\/index.php\/wp-json\/wp\/v2\/comments?post=549"}],"version-history":[{"count":7,"href":"https:\/\/ofsjt.pl\/index.php\/wp-json\/wp\/v2\/pages\/549\/revisions"}],"predecessor-version":[{"id":699,"href":"https:\/\/ofsjt.pl\/index.php\/wp-json\/wp\/v2\/pages\/549\/revisions\/699"}],"up":[{"embeddable":true,"href":"https:\/\/ofsjt.pl\/index.php\/wp-json\/wp\/v2\/pages\/541"}],"wp:attachment":[{"href":"https:\/\/ofsjt.pl\/index.php\/wp-json\/wp\/v2\/media?parent=549"}],"curies":[{"name":"wp","href":"https:\/\/api.w.org\/{rel}","templated":true}]}}